{"id":987,"date":"2018-12-19T17:21:55","date_gmt":"2018-12-19T17:21:55","guid":{"rendered":"https:\/\/canopytranslation.com\/www\/?page_id=987"},"modified":"2022-07-08T14:52:44","modified_gmt":"2022-07-08T14:52:44","slug":"politica-de-privacidad","status":"publish","type":"page","link":"https:\/\/canopytranslation.com\/es\/politica-de-privacidad\/","title":{"rendered":"Politica de Privacidad"},"content":{"rendered":"<p>Multilingual Resources Group S.L. (en lo sucesivo, \u00abMRG\u00bb) es una empresa especializada en traducci\u00f3n e interpretaci\u00f3n, que tiene por objeto la creaci\u00f3n, organizaci\u00f3n, explotaci\u00f3n, ejecuci\u00f3n y revisi\u00f3n de actividades de traducci\u00f3n escrita, para cuya promoci\u00f3n utiliza www.canopytranslation.com (en adelante, la \u00abP\u00e1gina web\u00bb),<\/p>\n<p>En MRG tenemos el m\u00e1ximo inter\u00e9s en proteger la seguridad, as\u00ed como en garantizar y proteger los datos de car\u00e1cter personal que pudieran facilitarnos los interesados a trav\u00e9s de www.canopytranslation.com. En la presente pol\u00edtica de privacidad, le informamos de la forma en la que tratamos tales datos.<\/p>\n<p><strong>\u00bfQui\u00e9n es el responsable del tratamiento de los datos personales?<\/strong><\/p>\n<p><strong>MULTILINGUAL RESOURCES GROUP, S.L.<\/strong> \u2013 CIF: B-85556983<\/p>\n<p>Domicilio: calle de la \u00c9poca 14, 28025 Madrid.<br \/>\nCorreo electr\u00f3nico: privacy@canopytranslation.com<\/p>\n<p><strong>\u00bfQu\u00e9 datos personales recabamos y para qu\u00e9 finalidad?<\/strong><\/p>\n<p>MRG \u00fanicamente tratar\u00e1 datos personales de los interesados que sean adecuados, pertinentes y limitados a lo necesario en relaci\u00f3n con los fines para los que son tratados. En este sentido, los interesados podr\u00e1n facilitar datos personales a MRG a trav\u00e9s de los distintos procedimientos establecidos para ello, y MRG los tratar\u00e1 para las siguientes finalidades, siempre y cuando los interesados hayan prestado su consentimiento de forma espec\u00edfica, informada e inequ\u00edvoca:<\/p>\n<p><strong>Contacto<\/strong><\/p>\n<p>MRG tratar\u00e1 los datos personales de los interesados con la finalidad de gestionar, tramitar y atender sus solicitudes de informaci\u00f3n y comunicaciones a trav\u00e9s del correo electr\u00f3nico o del n\u00famero de tel\u00e9fono facilitados en la P\u00e1gina web. MRG tratar\u00e1 datos identificativos y de contacto de los interesados con dicha finalidad.<\/p>\n<p><strong>Prestaci\u00f3n de los servicios de MRG a los interesados<\/strong><\/p>\n<p>MRG tratar\u00e1 los datos personales de los clientes con la finalidad de prestar el servicio de traducci\u00f3n e interpretaci\u00f3n. MRG tratar\u00e1 los datos identificativos y los datos de contacto de los clientes con tal finalidad.<\/p>\n<p>Asimismo, MRG podr\u00e1 acceder, en calidad de encargado del tratamiento, a los datos personales contenidos en los documentos facilitados por el cliente cuya traducci\u00f3n se solicite con la \u00fanica finalidad de prestar el servicio indicado en el presente apartado y siguiendo las instrucciones del cliente.<\/p>\n<p><strong>\u00bfDurante cu\u00e1nto tiempo conservamos los datos personales?<\/strong><\/p>\n<p>Los datos personales de los interesados se conservar\u00e1n hasta que dejen de ser necesarios para atenderlos y para mejorar la comunicaci\u00f3n con ellos. MRG no conservar\u00e1 los datos personales de los interesados durante m\u00e1s tiempo del indicado anteriormente, salvo cuando la ley le obligue a ello.<\/p>\n<p>Los datos personales proporcionados por los clientes se conservar\u00e1n durante el tiempo establecido legalmente respecto a la exigencia de responsabilidades por los servicios prestados.<\/p>\n<p>\u00bfCu\u00e1l es la legitimaci\u00f3n para el tratamiento de los datos personales?<\/p>\n<p>La base jur\u00eddica para el tratamiento de datos personales de los clientes o para el acceso a estos es la existencia de una relaci\u00f3n contractual previa.<\/p>\n<p>Para el resto de finalidades, la base jur\u00eddica para el tratamiento es el consentimiento de los interesados. Los interesados podr\u00e1n retirar su consentimiento en cualquier momento.<\/p>\n<p><strong>\u00bfA qu\u00e9 destinatarios se comunicar\u00e1n los datos personales?<\/strong><\/p>\n<p>MRG podr\u00e1 ceder datos de car\u00e1cter personal cuando as\u00ed se lo exija una obligaci\u00f3n legal, para responder a reclamaciones o para la protecci\u00f3n de sus intereses, siempre y cuando estos tengan prioridad sobre los derechos de los interesados.<\/p>\n<p>MRG solo podr\u00e1 ceder datos de car\u00e1cter personal en casos no recogidos en el p\u00e1rrafo anterior si posee el consentimiento espec\u00edfico, informado e inequ\u00edvoco de los interesados.<\/p>\n<p>Asimismo le informamos de que algunos terceros podr\u00e1n tratar datos personales de los interesados por cuenta de MRG para la prestaci\u00f3n de los servicios que esta solicite. Estos terceros ser\u00e1n considerados encargados del tratamiento y ofrecen garant\u00edas suficientes para aplicar medidas t\u00e9cnicas y organizativas apropiadas para el cumplimiento del RGPD.<\/p>\n<p>MRG no realizar\u00e1 transferencias internacionales de datos sin el consentimiento expl\u00edcito de los interesados.<\/p>\n<p><strong>\u00bfQu\u00e9 derechos le corresponden al facilitarnos sus datos?<\/strong><\/p>\n<p>Derecho de acceso: los interesados tienen derecho a obtener confirmaci\u00f3n acerca de si MRG trata datos personales que le conciernan y, en tal caso, a acceder a los mismos. Asimismo, tendr\u00e1 derecho a obtener una copia de los datos.<\/p>\n<p>Derecho de rectificaci\u00f3n: los interesados tienen derecho a solicitar la rectificaci\u00f3n de los datos personales inexactos que le conciernan.<\/p>\n<p>Derecho de supresi\u00f3n: los interesados tienen derecho a solicitar la supresi\u00f3n de sus datos, entre otros motivos, porque los datos ya no sean adecuados, necesarios o pertinentes para los fines para los que fueron recogidos.<\/p>\n<p>Derecho de oposici\u00f3n: los interesados tienen derecho a oponerse al tratamiento de sus datos personales, por motivos relativos a su situaci\u00f3n particular. En dicho caso, MRG cesar\u00e1 en el tratamiento de dichos datos, salvo que existan motivos leg\u00edtimos imperiosos, o para la formulaci\u00f3n, el ejercicio o la defensa de reclamaciones.<\/p>\n<p>Derecho a la limitaci\u00f3n del tratamiento: los interesados, bajo la premisa de que concurran determinadas condiciones, podr\u00e1n solicitar la limitaci\u00f3n del tratamiento de sus datos, en cuyo caso estos solo podr\u00e1n ser objeto de tratamiento, con excepci\u00f3n de su conservaci\u00f3n, para el ejercicio o la defensa de reclamaciones, con miras a la protecci\u00f3n de los derechos de terceros o por razones de inter\u00e9s p\u00fablico.<\/p>\n<p>Derecho a la portabilidad de los datos: los interesados tienen derecho a recibir sus datos personales, o en su caso a que MRG se los facilite a terceros, en un formato estructurado, de uso com\u00fan y lectura mec\u00e1nica, siempre y cuando dicho tratamiento se base en el consentimiento de los interesados y se efect\u00fae por medios automatizados.<\/p>\n<p>Los interesados podr\u00e1n ejercer sus derechos de acceso, rectificaci\u00f3n, supresi\u00f3n (y al olvido), oposici\u00f3n, limitaci\u00f3n y portabilidad a trav\u00e9s de correo postal a calle Pizarro, 19 \u2013 2 Dcha. B, 28004 Madrid o a trav\u00e9s de correo electr\u00f3nico a canopy@canopytranslation.com, aportando fotocopia del DNI o documento de identidad.<\/p>\n<p>MRG se compromete a dar respuesta a todas las solicitudes dentro del plazo establecido en la normativa vigente.<\/p>\n<p>Asimismo, los interesados podr\u00e1n presentar una reclamaci\u00f3n ante la Agencia Espa\u00f1ola de Protecci\u00f3n de Datos (AEPD), cuyos datos de contacto se ofrecen a trav\u00e9s de la p\u00e1gina web <a href=\"https:\/\/www.aepd.es\">www.aepd.es<\/a><\/p>\n<p><strong>\u2028\u00bfQu\u00e9 tratamiento se realiza de las direcciones IP y la informaci\u00f3n obtenida mediante las cookies?<\/strong><\/p>\n<p>Debido a los protocolos de comunicaci\u00f3n existentes en internet, cuando el usuario visita la p\u00e1gina web, MRG recibe autom\u00e1ticamente la direcci\u00f3n IP (Internet Protocol) que su proveedor de acceso le ha sido asignado a su ordenador. El registro de dicha direcci\u00f3n IP sirve para fines exclusivamente internos, como son la elaboraci\u00f3n de estad\u00edsticas de acceso a esta p\u00e1gina web. Como regla general, la direcci\u00f3n IP de un mismo usuario es distinta para cada conexi\u00f3n a internet, por lo que no es posible llevar un seguimiento de los h\u00e1bitos de navegaci\u00f3n de un determinado usuario a trav\u00e9s de la web.<\/p>\n<p>MRG puede utilizar cookies cuando un usuario navega por la p\u00e1gina web. Las cookies que se puedan utilizar en la web se asocian \u00fanicamente con el navegador de un ordenador determinado (un usuario an\u00f3nimo), y no proporcionan por s\u00ed mismas ning\u00fan dato personal del usuario. En cualquier caso, el usuario dispone de esta informaci\u00f3n de forma ampliada en la Pol\u00edtica de cookies.<\/p>\n<p>Las cookies sirven s\u00f3lo para los fines expresados en la Pol\u00edtica de cookies. Las cookies utilizadas no pueden leer los archivos cookies creados por otros proveedores o p\u00e1ginas web. El usuario tiene la posibilidad de configurar su navegador para ver un aviso en pantalla cuando se reciban cookies e impedir la instalaci\u00f3n de estas en su disco duro. El usuario puede consultar las instrucciones y manuales de su navegador para ampliar esta informaci\u00f3n.<\/p>\n<p>Esta web contiene enlaces o v\u00ednculos a otras p\u00e1ginas web. El usuario debe ser consciente de que MRG no es responsable de las pr\u00e1cticas de privacidad ni de los contenidos de esas otras webs. Se recomienda a los interesados que sean conscientes de que al utilizar uno de estos enlaces est\u00e1n abandonando nuestra web y que lean detenidamente las pol\u00edticas de privacidad de esas otras webs que recaben datos personales.<\/p>\n<p>La presente pol\u00edtica de privacidad solo se aplica a los datos personales recabados a trav\u00e9s de www.canopytranslation.com<\/p>\n","protected":false},"excerpt":{"rendered":"<p>Multilingual Resources Group S.L. (en lo sucesivo, \u00abMRG\u00bb) es una empresa especializada en traducci\u00f3n e interpretaci\u00f3n, que tiene por objeto la creaci\u00f3n, organizaci\u00f3n, explotaci\u00f3n, ejecuci\u00f3n y revisi\u00f3n de actividades de traducci\u00f3n escrita, para cuya promoci\u00f3n utiliza www.canopytranslation.com (en adelante, la \u00abP\u00e1gina web\u00bb), En MRG tenemos el m\u00e1ximo inter\u00e9s en proteger la seguridad, as\u00ed como en [&hellip;]<\/p>\n","protected":false},"author":2,"featured_media":0,"parent":0,"menu_order":0,"comment_status":"closed","ping_status":"closed","template":"","meta":{"footnotes":""},"class_list":["post-987","page","type-page","status-publish","hentry"],"acf":[],"_links":{"self":[{"href":"https:\/\/canopytranslation.com\/es\/wp-json\/wp\/v2\/pages\/987","targetHints":{"allow":["GET"]}}],"collection":[{"href":"https:\/\/canopytranslation.com\/es\/wp-json\/wp\/v2\/pages"}],"about":[{"href":"https:\/\/canopytranslation.com\/es\/wp-json\/wp\/v2\/types\/page"}],"author":[{"embeddable":true,"href":"https:\/\/canopytranslation.com\/es\/wp-json\/wp\/v2\/users\/2"}],"replies":[{"embeddable":true,"href":"https:\/\/canopytranslation.com\/es\/wp-json\/wp\/v2\/comments?post=987"}],"version-history":[{"count":9,"href":"https:\/\/canopytranslation.com\/es\/wp-json\/wp\/v2\/pages\/987\/revisions"}],"predecessor-version":[{"id":1426,"href":"https:\/\/canopytranslation.com\/es\/wp-json\/wp\/v2\/pages\/987\/revisions\/1426"}],"wp:attachment":[{"href":"https:\/\/canopytranslation.com\/es\/wp-json\/wp\/v2\/media?parent=987"}],"curies":[{"name":"wp","href":"https:\/\/api.w.org\/{rel}","templated":true}]}}