{"id":33,"date":"2018-07-16T09:34:26","date_gmt":"2018-07-16T09:34:26","guid":{"rendered":"http:\/\/canopytranslation.com\/www\/?page_id=33"},"modified":"2019-03-17T13:55:14","modified_gmt":"2019-03-17T13:55:14","slug":"politica-de-cookies","status":"publish","type":"page","link":"https:\/\/canopytranslation.com\/es\/politica-de-cookies\/","title":{"rendered":"Pol\u00edtica de Cookies"},"content":{"rendered":"<p><strong>Informaci\u00f3n general<\/strong><\/p>\n<p>Esta P\u00e1gina web utiliza cookies con el objetivo de optimizar la experiencia del usuario. Una cookie es un fichero inform\u00e1tico que se descarga en el navegador o en el dispositivo del usuario al acceder a determinadas p\u00e1ginas web y sirve para almacenar informaci\u00f3n sobre su visita. Este tipo de ficheros no puede da\u00f1ar su equipo. Las cookies permiten a una p\u00e1gina web, entre otras cosas, almacenar y recuperar informaci\u00f3n sobre su uso, lo que permite mejorar su calidad y ofrecer una mejor experiencia al usuario.<\/p>\n<p>Las cookies tienen como principal finalidad el funcionamiento adecuado de la P\u00e1gina web en internet, ya que aportan innumerables ventajas en la prestaci\u00f3n de servicios interactivos y facilitan la navegaci\u00f3n y usabilidad de la P\u00e1gina web. Asimismo, las cookies permiten recoger las preferencias del usuario y obtener informaci\u00f3n acerca de su experiencia al navegar por la p\u00e1gina web.<\/p>\n<p>Si se deshabilitan las cookies, tal vez no se pueda disfrutar de la totalidad de los servicios prestados por Multilingual Resources Group S.L. (en lo sucesivo, \u00abMRG\u00bb) a trav\u00e9s de www.canopytranslation.com (en lo sucesivo, la \u00abP\u00e1gina web\u00bb), existan problemas de usabilidad o se experimenten dificultades con la sesi\u00f3n despu\u00e9s de haberla iniciado.<\/p>\n<p>La informaci\u00f3n que se proporciona a continuaci\u00f3n le ayudar\u00e1 a comprender los diferentes tipos de cookies que utiliza MRG.<\/p>\n<p><strong>Tipolog\u00eda, finalidad y funcionamiento de las cookies<\/strong><\/p>\n<p>Las cookies utilizadas por MRG pueden clasificarse conforme a diversos criterios.<\/p>\n<p style=\"padding-left: 30px;\">a. Tipos de cookies seg\u00fan la entidad que las gestiona:<\/p>\n<p>Seg\u00fan la entidad encargada de gestionar el equipo o dominio desde el que se env\u00edan las cookies y se trata la informaci\u00f3n obtenida, se distingue entre:<\/p>\n<ul>\n<li>Cookies propias: son las cookies enviadas al equipo del usuario desde un equipo o dominio gestionado por MRG empleado para prestar el servicio solicitado por el usuario.<\/li>\n<li>Cookies de terceros: son las cookies enviadas al equipo del usuario desde un equipo o dominio no gestionado por MRG sino por un tercero que se encargar\u00e1 de tratar los datos obtenidos. Tendr\u00e1n igual consideraci\u00f3n aquellas cookies que sean instaladas desde un equipo o dominio gestionado por MRG con las que se obtenga informaci\u00f3n que sea gestionada por un tercero (por ejemplo, al pulsar enlaces de redes sociales o reproducir v\u00eddeos alojados en otra p\u00e1gina web). MRG no tendr\u00e1 acceso a los datos almacenados en esta otra p\u00e1gina web.<\/li>\n<\/ul>\n<p style=\"padding-left: 30px;\">b. Tipos de cookies seg\u00fan su duraci\u00f3n o permanencia:<\/p>\n<p style=\"padding-left: 30px;\">Seg\u00fan el plazo de tiempo que permanezcan activadas en el equipo terminal podemos distinguir entre:<\/p>\n<ul>\n<li>Cookies de sesi\u00f3n: son cookies temporales que ser\u00e1n almacenadas en el navegador hasta que el usuario abandone la P\u00e1gina web. Este tipo de cookies sirven para mantener un seguimiento de los movimientos del usuario en la P\u00e1gina web, con el objetivo de facilitar la navegaci\u00f3n de \u00e9ste por ella al no tener que introducir de nuevo informaci\u00f3n que ya haya proporcionado con anterioridad.<\/li>\n<li>Cookies persistentes: son almacenadas en el dispositivo del usuario y la P\u00e1gina web las lee cada vez que el usuario accede. Estas cookies permanecer\u00e1n almacenadas en el dispositivo hasta su fecha de caducidad. Todas las cookies tienen una fecha de caducidad determinada a partir de la cual dejan de funcionar.<\/li>\n<\/ul>\n<p style=\"padding-left: 30px;\">c. Tipos de cookies seg\u00fan su finalidad:<\/p>\n<p>Seg\u00fan la finalidad para la que se traten los datos obtenidos a trav\u00e9s de las cookies podemos distinguir entre:<\/p>\n<ul>\n<li>Cookies t\u00e9cnicas: son aquellas que permiten la navegaci\u00f3n por la P\u00e1gina web y la utilizaci\u00f3n de las diferentes opciones o servicios que se ofrecen a trav\u00e9s de ella, como por ejemplo, controlar el tr\u00e1fico y la comunicaci\u00f3n de datos, identificar la sesi\u00f3n, realizar el registro de un usuario, utilizar elementos de seguridad durante la navegaci\u00f3n, etc. Estas cookies son necesarias para garantizar el correcto funcionamiento de la P\u00e1gina web.<\/li>\n<li>Cookies de an\u00e1lisis: son aquellas cookies tratadas por MRG o por terceros que permiten cuantificar el n\u00famero de usuarios que acceden a la P\u00e1gina web y as\u00ed realizar la medici\u00f3n y el an\u00e1lisis estad\u00edstico de su uso. Para ello, se analiza la navegaci\u00f3n del usuario en la P\u00e1gina web con la finalidad de mejorar la oferta de los productos o servicios que se ofrecen en el mismo.<\/li>\n<\/ul>\n<p><strong>Relaci\u00f3n y descripci\u00f3n de las cookies<\/strong><\/p>\n<p>La tabla que publicamos a continuaci\u00f3n recoge de forma esquematizada las cookies anteriormente descritas y utilizadas en la P\u00e1gina web de MRG.<\/p>\n<table>\n<tbody>\n<tr>\n<td colspan=\"3\"><strong>COOKIES DE TERCEROS<\/strong><\/td>\n<\/tr>\n<tr>\n<td><strong>Nombre de la cookie<\/strong><\/td>\n<td><strong>Finalidad<\/strong><\/td>\n<td><strong>Caducidad<\/strong><\/td>\n<\/tr>\n<tr>\n<td>__utma<\/td>\n<td>Determinaci\u00f3n del n\u00famero de visitantes \u00fanicos a la P\u00e1gina web. Google Analytics.<\/td>\n<td>2 a\u00f1os<\/td>\n<\/tr>\n<tr>\n<td>__utmb<\/td>\n<td>C\u00e1lculo del promedio de tiempo que pasan los usuarios en la P\u00e1gina web. Google Analytics.<\/td>\n<td>30 minutos<\/td>\n<\/tr>\n<tr>\n<td>__utmc<\/td>\n<td>C\u00e1lculo del promedio de tiempo que pasan los usuarios en la P\u00e1gina web. Google Analytics.<\/td>\n<td>Cookie de sesi\u00f3n<\/td>\n<\/tr>\n<tr>\n<td>__utmz<\/td>\n<td>Origen de las visitas. Google Analytics.<\/td>\n<td>\n<ol>\n<li>meses<\/li>\n<\/ol>\n<\/td>\n<\/tr>\n<\/tbody>\n<\/table>\n<p><strong>Configuraci\u00f3n del navegador<\/strong><\/p>\n<p>El usuario puede permitir, bloquear o eliminar las cookies instaladas en su equipo mediante la configuraci\u00f3n de las opciones del navegador que tenga instalado. A continuaci\u00f3n, le proporcionamos informaci\u00f3n relativa a los navegadores m\u00e1s comerciales:<\/p>\n<ul>\n<li>Para m\u00e1s informaci\u00f3n sobre Microsoft Internet Explorer pulse <a href=\"https:\/\/support.microsoft.com\/es-es\/help\/17442\/windows-internet-explorer-delete-manage-cookies\">aqu\u00ed<\/a><\/li>\n<li>Para m\u00e1s informaci\u00f3n sobre Mozilla Firefox pulse <a href=\"https:\/\/support.mozilla.org\/es\/kb\/habilitar-y-deshabilitar-cookies-que-los-sitios-we\">aqu\u00ed<\/a><\/li>\n<li>Para m\u00e1s informaci\u00f3n sobre Google Chrome pulse <a href=\"https:\/\/support.google.com\/chrome\/answer\/95647?hl=es\">aqu\u00ed<\/a><\/li>\n<li>Para m\u00e1s informaci\u00f3n sobre Safari pulse <a href=\"https:\/\/support.apple.com\/es-es\/guide\/safari\/manage-cookies-and-website-data-sfri11471\/mac\">aqu\u00ed<\/a><\/li>\n<\/ul>\n<p>&nbsp;<\/p>\n<p>&nbsp;<\/p>\n","protected":false},"excerpt":{"rendered":"<p>Informaci\u00f3n general Esta P\u00e1gina web utiliza cookies con el objetivo de optimizar la experiencia del usuario. Una cookie es un fichero inform\u00e1tico que se descarga en el navegador o en el dispositivo del usuario al acceder a determinadas p\u00e1ginas web y sirve para almacenar informaci\u00f3n sobre su visita. Este tipo de ficheros no puede da\u00f1ar [&hellip;]<\/p>\n","protected":false},"author":2,"featured_media":0,"parent":0,"menu_order":0,"comment_status":"closed","ping_status":"closed","template":"","meta":{"footnotes":""},"class_list":["post-33","page","type-page","status-publish","hentry"],"acf":[],"_links":{"self":[{"href":"https:\/\/canopytranslation.com\/es\/wp-json\/wp\/v2\/pages\/33","targetHints":{"allow":["GET"]}}],"collection":[{"href":"https:\/\/canopytranslation.com\/es\/wp-json\/wp\/v2\/pages"}],"about":[{"href":"https:\/\/canopytranslation.com\/es\/wp-json\/wp\/v2\/types\/page"}],"author":[{"embeddable":true,"href":"https:\/\/canopytranslation.com\/es\/wp-json\/wp\/v2\/users\/2"}],"replies":[{"embeddable":true,"href":"https:\/\/canopytranslation.com\/es\/wp-json\/wp\/v2\/comments?post=33"}],"version-history":[{"count":10,"href":"https:\/\/canopytranslation.com\/es\/wp-json\/wp\/v2\/pages\/33\/revisions"}],"predecessor-version":[{"id":1342,"href":"https:\/\/canopytranslation.com\/es\/wp-json\/wp\/v2\/pages\/33\/revisions\/1342"}],"wp:attachment":[{"href":"https:\/\/canopytranslation.com\/es\/wp-json\/wp\/v2\/media?parent=33"}],"curies":[{"name":"wp","href":"https:\/\/api.w.org\/{rel}","templated":true}]}}