{"id":1001,"date":"2018-12-19T17:27:14","date_gmt":"2018-12-19T17:27:14","guid":{"rendered":"https:\/\/canopytranslation.com\/www\/?page_id=1001"},"modified":"2023-02-16T16:09:28","modified_gmt":"2023-02-16T16:09:28","slug":"aviso-legal","status":"publish","type":"page","link":"https:\/\/canopytranslation.com\/es\/aviso-legal\/","title":{"rendered":"Aviso Legal"},"content":{"rendered":"<p>El presente aviso legal regula las Condiciones de uso de la P\u00e1gina web www.canopytranslation.com (en lo sucesivo, la \u00abP\u00e1gina web\u00bb), de la que es responsable la empresa Multilingual Resources Group, S.L. (en lo sucesivo, \u00abMRG\u00bb), con C.I.F. ESB85556983, que tiene su domicilio en la calle de la \u00c9poca 14, 28025 Madrid y se encuentra inscrita en el Registro Mercantil de Madrid, Secci\u00f3n 8, Hoja 469865.<\/p>\n<p>Al utilizar esta P\u00e1gina web adquiere usted la condici\u00f3n de usuario de la misma (en lo sucesivo, el \u00abUsuario\u00bb) y acepta plenamente y sin reservas todas y cada una de las disposiciones incluidas en el presente aviso legal, tal y como se encuentre publicado en el momento en el que el usuario acceda a la P\u00e1gina web.<\/p>\n<p>Queda reservado el derecho a efectuar las modificaciones que se consideren oportunas en esta P\u00e1gina web, sin previo aviso, pudiendo cambiar, suprimir o a\u00f1adir tanto los contenidos y servicios que se prestan a trav\u00e9s de la P\u00e1gina web como la forma en la que estos aparecen presentados o localizados en ella.<\/p>\n<p>El Usuario se compromete a utilizar la P\u00e1gina web, los servicios y los contenidos de conformidad con la ley, la moral y el orden p\u00fablico.<\/p>\n<p>Para cualquier comentario o consulta, p\u00f3ngase en contacto con MRG a trav\u00e9s de la direcci\u00f3n postal antes mencionada o por correo electr\u00f3nico a la siguiente direcci\u00f3n: webmaster@canopytranslation.com<\/p>\n<p><strong>Propiedad intelectual e industrial<\/strong><\/p>\n<p>MRG es titular del nombre de dominio www.canopytranslation.com<\/p>\n<p>La P\u00e1gina web en su totalidad, incluyendo de forma enunciativa pero no limitativa su dise\u00f1o, estructura y distribuci\u00f3n, textos y contenidos, logotipos, marcas, botones, im\u00e1genes, dibujos, c\u00f3digo fuente, as\u00ed como todos los derechos de propiedad intelectual e industrial y cualquier otro signo distintivo, pertenecen o tienen como cesionario al titular de la P\u00e1gina web o, en su caso, a las personas f\u00edsicas o jur\u00eddicas que figuran como autores o titulares de los derechos, o sus licenciantes.<\/p>\n<p>El Usuario garantiza respetar estos derechos. Podr\u00e1 visualizar los elementos de la P\u00e1gina web e incluso imprimirlos, copiarlos y almacenarlos en el disco duro de su ordenador o en cualquier otro soporte f\u00edsico, siempre y cuando sea \u00fanica y exclusivamente para su uso personal y privado, quedando por tanto terminantemente prohibida la transformaci\u00f3n, distribuci\u00f3n, comunicaci\u00f3n p\u00fablica, puesta a disposici\u00f3n o cualquier otra forma de explotaci\u00f3n, as\u00ed como su modificaci\u00f3n, alteraci\u00f3n o descompilaci\u00f3n.<\/p>\n<p>Respecto de los contenidos de la P\u00e1gina web se reconoce el derecho de cita, por lo que podr\u00e1n ser reproducidos y utilizados con los fines que se consideren oportunos incluyendo siempre la fuente y el nombre del autor. Los derechos de explotaci\u00f3n sobre los mencionados contenidos corresponden en exclusiva al titular de la P\u00e1gina web, por lo que no podr\u00e1 utilizarlos en ning\u00fan caso con \u00e1nimo de lucro sin consentimiento del autor, salvo autorizaci\u00f3n expresa por parte de MRG.<\/p>\n<p>El titular de la P\u00e1gina web no asumir\u00e1 responsabilidad alguna respecto de los derechos de propiedad intelectual o industrial de terceros que se vean infringidos por un usuario.<\/p>\n<p>Para cualquier informaci\u00f3n sobre este particular, puede usted dirigirse por escrito a la siguiente direcci\u00f3n de correo electr\u00f3nico: webmaster@canopytranslation.com<\/p>\n<p><strong>Enlaces<\/strong><\/p>\n<p>La P\u00e1gina web puede poner a disposici\u00f3n de los usuarios medios t\u00e9cnicos de enlace (v\u00ednculos, banners o botones), que permiten a los usuarios acceder a sitios web pertenecientes a terceros o gestionados por estos. El titular de la P\u00e1gina web no ser\u00e1 responsable respecto a la informaci\u00f3n que se halle fuera de esta web y que no est\u00e9 gestionada por su webmaster.<\/p>\n<p>El usuario debe tener en cuenta que la pr\u00e1ctica de privacidad empleada por otras p\u00e1ginas web es ajena a cualquier tipo de responsabilidad por parte de MRG. Se recomienda a los usuarios que sean conscientes de que al utilizar uno de estos enlaces est\u00e1n abandonando la presente P\u00e1gina web y que lean las pol\u00edticas de privacidad de esas otras p\u00e1ginas webs, en especial si se recaban en ellas datos de car\u00e1cter personal.<\/p>\n<p><strong>Protecci\u00f3n de datos<\/strong><\/p>\n<p>Para las distintas comunicaciones y consultas que el Usuario pudiera realizar a trav\u00e9s de la P\u00e1gina web, \u00e9ste debe facilitar su nombre, apellidos y direcci\u00f3n de correo electr\u00f3nico, es decir, datos de car\u00e1cter personal que ser\u00e1n tratados por parte de MRG para atender y solucionar aquellas cuestiones o peticiones planteadas por el Usuario.<\/p>\n<p>Este tratamiento de datos de car\u00e1cter personal se regir\u00e1 por lo establecido en la Pol\u00edtica de Privacidad accesible en la P\u00e1gina web, constituy\u00e9ndose como parte integrante del Aviso Legal.<\/p>\n<p><strong>Direcciones IP y cookies<\/strong><\/p>\n<p>Debido a los protocolos de comunicaci\u00f3n existentes en internet, cuando el usuario visita www.canopytranslation.com, se recibe autom\u00e1ticamente la direcci\u00f3n IP (Internet Protocol) que su proveedor de acceso le ha asignado a su ordenador. El registro de dicha direcci\u00f3n IP sirve para fines exclusivamente internos, como son la elaboraci\u00f3n de estad\u00edsticas de acceso a esta P\u00e1gina web.<\/p>\n<p>Como regla general, la direcci\u00f3n IP de un mismo usuario ser\u00e1 diferente en cada conexi\u00f3n a internet distinta, por lo que no es posible realizar un seguimiento de los h\u00e1bitos de navegaci\u00f3n de un determinado usuario a trav\u00e9s de la P\u00e1gina web.<\/p>\n<p>La P\u00e1gina web puede utilizar cookies cuando un usuario navega por sus sitios y p\u00e1ginas web, con la finalidad de optimizar la navegaci\u00f3n. Existe m\u00e1s informaci\u00f3n sobre las cookies en nuestra Pol\u00edtica de cookies.<\/p>\n<p><strong>Exenci\u00f3n de garant\u00edas y responsabilidad<\/strong><\/p>\n<p>No se garantiza que la P\u00e1gina web vaya a funcionar constante, fiable y correctamente, sin retrasos o interrupciones, por lo que MRG no se hace responsable de los da\u00f1os y perjuicios que puedan derivarse de los posibles fallos en cuanto a la disponibilidad y continuidad t\u00e9cnica de la P\u00e1gina web.<\/p>\n<p>El titular de la P\u00e1gina web no se responsabiliza de los da\u00f1os y perjuicios ni del lucro cesante en que incurra el Usuario o cualquier otro tercero a consecuencia de cualquier causa de fuerza mayor, caso fortuito, aver\u00eda o fallo de las l\u00edneas de comunicaci\u00f3n, o por una prestaci\u00f3n defectuosa del servicio o fallo en la conexi\u00f3n a internet.<\/p>\n<p>No se puede llevar ning\u00fan tipo de control ni ofrecer ninguna garant\u00eda de la ausencia de virus ni de otros elementos en los contenidos que puedan producir alteraciones en el sistema inform\u00e1tico (software y hardware) o en los documentos electr\u00f3nicos y ficheros almacenados en el sistema inform\u00e1tico del Usuario.<\/p>\n<p>MRG no garantiza que los Usuarios utilicen los servicios y contenidos de la P\u00e1gina web de conformidad con lo establecido en el presente Aviso Legal.<\/p>\n<p>MRG excluye cualquier responsabilidad por los da\u00f1os y perjuicios de cualquier naturaleza que pudieran acaecer a causa del uso de los servicios y de los contenidos por parte de los Usuarios que se deban a falta de veracidad, vigencia, o autenticidad de la informaci\u00f3n que los Usuarios proporcionan.<\/p>\n<p><strong>Denuncia de irregularidades<\/strong><\/p>\n<p>En el caso de que cualquier Usuario considere que existen hechos o circunstancias que revelen el car\u00e1cter il\u00edcito o contrario al presente Aviso Legal de cualquier contenido en la P\u00e1gina web o en su utilizaci\u00f3n, podr\u00e1 ponerse en contacto con el titular de la P\u00e1gina web, a trav\u00e9s de webmaster@canopytranslation.com, indicando siempre:<\/p>\n<ul>\n<li>Los datos personales del reclamante (nombre, direcci\u00f3n, n\u00famero de tel\u00e9fono y direcci\u00f3n de correo electr\u00f3nico).<\/li>\n<li>La supuesta actividad il\u00edcita llevada a cabo en la P\u00e1gina web y la motivaci\u00f3n por la cual revele dicho car\u00e1cter il\u00edcito.<\/li>\n<\/ul>\n<p><strong>Duraci\u00f3n y terminaci\u00f3n<\/strong><\/p>\n<p>La prestaci\u00f3n de los servicios que MRG ofrece a trav\u00e9s de la P\u00e1gina web tiene, en principio, una duraci\u00f3n indefinida. No obstante, en cualquier momento podr\u00e1 dar por terminada o suspender la prestaci\u00f3n de sus servicios, advirtiendo si fuera posible de tal circunstancia de forma previa a los Usuarios.<\/p>\n<p>&nbsp;<\/p>\n","protected":false},"excerpt":{"rendered":"<p>El presente aviso legal regula las Condiciones de uso de la P\u00e1gina web www.canopytranslation.com (en lo sucesivo, la \u00abP\u00e1gina web\u00bb), de la que es responsable la empresa Multilingual Resources Group, S.L. (en lo sucesivo, \u00abMRG\u00bb), con C.I.F. ESB85556983, que tiene su domicilio en la calle de la \u00c9poca 14, 28025 Madrid y se encuentra inscrita [&hellip;]<\/p>\n","protected":false},"author":2,"featured_media":0,"parent":0,"menu_order":0,"comment_status":"closed","ping_status":"closed","template":"","meta":{"footnotes":""},"class_list":["post-1001","page","type-page","status-publish","hentry"],"acf":[],"_links":{"self":[{"href":"https:\/\/canopytranslation.com\/es\/wp-json\/wp\/v2\/pages\/1001","targetHints":{"allow":["GET"]}}],"collection":[{"href":"https:\/\/canopytranslation.com\/es\/wp-json\/wp\/v2\/pages"}],"about":[{"href":"https:\/\/canopytranslation.com\/es\/wp-json\/wp\/v2\/types\/page"}],"author":[{"embeddable":true,"href":"https:\/\/canopytranslation.com\/es\/wp-json\/wp\/v2\/users\/2"}],"replies":[{"embeddable":true,"href":"https:\/\/canopytranslation.com\/es\/wp-json\/wp\/v2\/comments?post=1001"}],"version-history":[{"count":9,"href":"https:\/\/canopytranslation.com\/es\/wp-json\/wp\/v2\/pages\/1001\/revisions"}],"predecessor-version":[{"id":1431,"href":"https:\/\/canopytranslation.com\/es\/wp-json\/wp\/v2\/pages\/1001\/revisions\/1431"}],"wp:attachment":[{"href":"https:\/\/canopytranslation.com\/es\/wp-json\/wp\/v2\/media?parent=1001"}],"curies":[{"name":"wp","href":"https:\/\/api.w.org\/{rel}","templated":true}]}}